{"id":1443,"date":"2025-06-24T15:45:27","date_gmt":"2025-06-24T18:45:27","guid":{"rendered":"https:\/\/tvdiario.com.br\/comercial\/?page_id=1443"},"modified":"2026-03-10T14:31:40","modified_gmt":"2026-03-10T17:31:40","slug":"cases-de-sucesso","status":"publish","type":"page","link":"https:\/\/tvdiario.com.br\/comercial\/cases-de-sucesso\/","title":{"rendered":"Cases de Sucesso"},"content":{"rendered":"\n<p><\/p>\n\n\n\n<p class=\"has-large-font-size\"><strong>TV DI\u00c1RIO 25 ANOS<\/strong><\/p>\n\n\n\n<p class=\"has-medium-font-size\"><strong>Conhe\u00e7a a opini\u00e3o dos clientes que est\u00e3o conosco desde a nossa funda\u00e7\u00e3o.<\/strong><\/p>\n\n\n\n<div class=\"wp-block-columns is-layout-flex wp-container-core-columns-is-layout-9d6595d7 wp-block-columns-is-layout-flex\">\n<div class=\"wp-block-column is-layout-flow wp-block-column-is-layout-flow\">\n<figure class=\"wp-block-gallery has-nested-images columns-default is-cropped wp-block-gallery-1 is-layout-flex wp-block-gallery-is-layout-flex\">\n<figure class=\"wp-block-image size-full is-style-default\"><a href=\"https:\/\/tvdiario.com.br\/comercial\/wp-content\/uploads\/2025\/08\/cotac.mp4\"><img loading=\"lazy\" decoding=\"async\" width=\"798\" height=\"452\" data-id=\"1709\" src=\"https:\/\/tvdiario.com.br\/comercial\/wp-content\/uploads\/2025\/08\/cotac.png\" alt=\"\" class=\"wp-image-1709\" srcset=\"https:\/\/tvdiario.com.br\/comercial\/wp-content\/uploads\/2025\/08\/cotac.png 798w, https:\/\/tvdiario.com.br\/comercial\/wp-content\/uploads\/2025\/08\/cotac-300x170.png 300w, https:\/\/tvdiario.com.br\/comercial\/wp-content\/uploads\/2025\/08\/cotac-768x435.png 768w\" sizes=\"auto, (max-width: 798px) 100vw, 798px\" \/><\/a><\/figure>\n<\/figure>\n\n\n\n<p class=\"has-text-align-center has-text-color has-link-color wp-elements-a806ef5563dc3cf671073ca53587d3a8\" style=\"color:#000000bd;font-size:26px\"><strong>Cotac<\/strong><\/p>\n<\/div>\n\n\n\n<div class=\"wp-block-column is-layout-flow wp-block-column-is-layout-flow\">\n<figure class=\"wp-block-image size-full\"><a href=\"https:\/\/tvdiario.com.br\/comercial\/wp-content\/uploads\/2025\/08\/gcem.mp4\"><img loading=\"lazy\" decoding=\"async\" width=\"798\" height=\"452\" src=\"https:\/\/tvdiario.com.br\/comercial\/wp-content\/uploads\/2025\/08\/gcem.png\" alt=\"\" class=\"wp-image-1710\" srcset=\"https:\/\/tvdiario.com.br\/comercial\/wp-content\/uploads\/2025\/08\/gcem.png 798w, https:\/\/tvdiario.com.br\/comercial\/wp-content\/uploads\/2025\/08\/gcem-300x170.png 300w, https:\/\/tvdiario.com.br\/comercial\/wp-content\/uploads\/2025\/08\/gcem-768x435.png 768w\" sizes=\"auto, (max-width: 798px) 100vw, 798px\" \/><\/a><\/figure>\n\n\n\n<p class=\"has-text-align-center has-text-color has-link-color has-medium-font-size wp-elements-e64e6a073cf468fa4ad9e19319356d4f\" style=\"color:#000000bd\">&nbsp;&nbsp; <strong>C. C&amp;M<\/strong><\/p>\n<\/div>\n\n\n\n<div class=\"wp-block-column is-layout-flow wp-block-column-is-layout-flow\">\n<figure class=\"wp-block-image size-full\"><a href=\"https:\/\/tvdiario.com.br\/comercial\/wp-content\/uploads\/2025\/08\/colegiosm.mp4\"><img loading=\"lazy\" decoding=\"async\" width=\"798\" height=\"452\" src=\"https:\/\/tvdiario.com.br\/comercial\/wp-content\/uploads\/2025\/08\/saomarcos.png\" alt=\"\" class=\"wp-image-1713\" srcset=\"https:\/\/tvdiario.com.br\/comercial\/wp-content\/uploads\/2025\/08\/saomarcos.png 798w, https:\/\/tvdiario.com.br\/comercial\/wp-content\/uploads\/2025\/08\/saomarcos-300x170.png 300w, https:\/\/tvdiario.com.br\/comercial\/wp-content\/uploads\/2025\/08\/saomarcos-768x435.png 768w\" sizes=\"auto, (max-width: 798px) 100vw, 798px\" \/><\/a><\/figure>\n\n\n\n<p class=\"has-text-align-center has-text-color has-link-color has-medium-font-size wp-elements-943b10d516b23b6a5f6884874771c69f\" style=\"color:#000000bd\">&nbsp;<strong><a>Col\u00e9gio S\u00e3o Marcos<\/a><\/strong><\/p>\n<\/div>\n<\/div>\n\n\n\n<div class=\"wp-block-columns is-layout-flex wp-container-core-columns-is-layout-9d6595d7 wp-block-columns-is-layout-flex\">\n<div class=\"wp-block-column is-layout-flow wp-block-column-is-layout-flow\">\n<figure class=\"wp-block-image size-full\"><a href=\"https:\/\/tvdiario.com.br\/comercial\/wp-content\/uploads\/2025\/08\/polipet.mp4\"><img loading=\"lazy\" decoding=\"async\" width=\"798\" height=\"452\" src=\"https:\/\/tvdiario.com.br\/comercial\/wp-content\/uploads\/2025\/08\/polipet.png\" alt=\"\" class=\"wp-image-1711\" srcset=\"https:\/\/tvdiario.com.br\/comercial\/wp-content\/uploads\/2025\/08\/polipet.png 798w, https:\/\/tvdiario.com.br\/comercial\/wp-content\/uploads\/2025\/08\/polipet-300x170.png 300w, https:\/\/tvdiario.com.br\/comercial\/wp-content\/uploads\/2025\/08\/polipet-768x435.png 768w\" sizes=\"auto, (max-width: 798px) 100vw, 798px\" \/><\/a><\/figure>\n\n\n\n<p class=\"has-text-align-center has-text-color has-link-color has-medium-font-size wp-elements-5f50a4f7c616bead8d533dc0b09bbc3b\" style=\"color:#000000bd\"><strong>Polipet<\/strong><\/p>\n<\/div>\n\n\n\n<div class=\"wp-block-column is-layout-flow wp-block-column-is-layout-flow\">\n<figure class=\"wp-block-image size-full\"><a href=\"https:\/\/tvdiario.com.br\/comercial\/wp-content\/uploads\/2025\/08\/sa.mp4\"><img loading=\"lazy\" decoding=\"async\" width=\"798\" height=\"452\" src=\"https:\/\/tvdiario.com.br\/comercial\/wp-content\/uploads\/2025\/08\/supalabarce.png\" alt=\"\" class=\"wp-image-1714\" srcset=\"https:\/\/tvdiario.com.br\/comercial\/wp-content\/uploads\/2025\/08\/supalabarce.png 798w, https:\/\/tvdiario.com.br\/comercial\/wp-content\/uploads\/2025\/08\/supalabarce-300x170.png 300w, https:\/\/tvdiario.com.br\/comercial\/wp-content\/uploads\/2025\/08\/supalabarce-768x435.png 768w\" sizes=\"auto, (max-width: 798px) 100vw, 798px\" \/><\/a><\/figure>\n\n\n\n<p class=\"has-text-align-center has-text-color has-link-color has-medium-font-size wp-elements-049a2417737316ebee62c4d89ce59e3a\" style=\"color:#000000bd\"><strong>Supermercados Alabarce<\/strong><\/p>\n<\/div>\n\n\n\n<div class=\"wp-block-column is-layout-flow wp-block-column-is-layout-flow\">\n<p class=\"has-text-align-center has-medium-font-size\"><\/p>\n<\/div>\n<\/div>\n\n\n\n<p class=\"has-large-font-size\"><strong>DEPOIMENTOS<\/strong><\/p>\n\n\n\n<p class=\"has-medium-font-size\"><strong>Leia aqui mais cases de clientes satisfeitos com a parceria da TV Di\u00e1rio.<\/strong><\/p>\n\n\n\n<p><\/p>\n","protected":false},"excerpt":{"rendered":"<p>TV DI\u00c1RIO 25 ANOS Conhe\u00e7a a opini\u00e3o dos clientes que est\u00e3o conosco desde a nossa funda\u00e7\u00e3o. Cotac &nbsp;&nbsp; C. C&amp;M &nbsp;Col\u00e9gio S\u00e3o Marcos Polipet Supermercados Alabarce DEPOIMENTOS Leia aqui mais &#8230;<\/p>\n","protected":false},"author":1,"featured_media":0,"parent":0,"menu_order":0,"comment_status":"closed","ping_status":"closed","template":"template-fullwidth.php","meta":{"footnotes":""},"class_list":["post-1443","page","type-page","status-publish","hentry"],"_links":{"self":[{"href":"https:\/\/tvdiario.com.br\/comercial\/wp-json\/wp\/v2\/pages\/1443","targetHints":{"allow":["GET"]}}],"collection":[{"href":"https:\/\/tvdiario.com.br\/comercial\/wp-json\/wp\/v2\/pages"}],"about":[{"href":"https:\/\/tvdiario.com.br\/comercial\/wp-json\/wp\/v2\/types\/page"}],"author":[{"embeddable":true,"href":"https:\/\/tvdiario.com.br\/comercial\/wp-json\/wp\/v2\/users\/1"}],"replies":[{"embeddable":true,"href":"https:\/\/tvdiario.com.br\/comercial\/wp-json\/wp\/v2\/comments?post=1443"}],"version-history":[{"count":19,"href":"https:\/\/tvdiario.com.br\/comercial\/wp-json\/wp\/v2\/pages\/1443\/revisions"}],"predecessor-version":[{"id":1964,"href":"https:\/\/tvdiario.com.br\/comercial\/wp-json\/wp\/v2\/pages\/1443\/revisions\/1964"}],"wp:attachment":[{"href":"https:\/\/tvdiario.com.br\/comercial\/wp-json\/wp\/v2\/media?parent=1443"}],"curies":[{"name":"wp","href":"https:\/\/api.w.org\/{rel}","templated":true}]}}