{"id":1518,"date":"2025-07-16T07:18:04","date_gmt":"2025-07-16T10:18:04","guid":{"rendered":"https:\/\/tvdiario.com.br\/comercial\/?page_id=1518"},"modified":"2025-08-26T15:55:24","modified_gmt":"2025-08-26T18:55:24","slug":"links","status":"publish","type":"page","link":"https:\/\/tvdiario.com.br\/comercial\/links\/","title":{"rendered":"Links"},"content":{"rendered":"\n<ul class=\"wp-block-list has-medium-font-size\">\n<li><a href=\"http:\/\/www.aba.com.br\/\" target=\"_blank\" rel=\"noreferrer noopener\">ABA &#8211; Associa\u00e7\u00e3o Brasileira de Anunciantes<\/a><br><\/li>\n\n\n\n<li><a href=\"http:\/\/www.abert.org.br\/\" target=\"_blank\" rel=\"noreferrer noopener\">ABERT &#8211; Associa\u00e7\u00e3o Brasileira de Emissoras de R\u00e1dio e Televis\u00e3o<\/a><br><\/li>\n\n\n\n<li><a href=\"http:\/\/www.ancine.gov.br\/\" target=\"_blank\" rel=\"noreferrer noopener\">ANCINE &#8211; Ag\u00eancia Nacional do Cinema<\/a><br><\/li>\n\n\n\n<li><a href=\"http:\/\/www.appbrasil.net\/\" target=\"_blank\" rel=\"noreferrer noopener\">APP Brasil &#8211; Associa\u00e7\u00e3o dos Profissionais da Propaganda<\/a><br><\/li>\n\n\n\n<li><a href=\"http:\/\/www.appmogi.com.br\/\" target=\"_blank\" rel=\"noreferrer noopener\"><\/a><a href=\"http:\/\/www.cenp.com.br\/Site\/home.htm\" target=\"_blank\" rel=\"noreferrer noopener\">CENP &#8211; Conselho Executivo das Normas-Padr\u00e3o<\/a><br><\/li>\n\n\n\n<li><a href=\"http:\/\/www.conar.org.br\/\" target=\"_blank\" rel=\"noreferrer noopener\">CONAR &#8211; Conselho de Autorregulamenta\u00e7\u00e3o Publicit\u00e1ria<\/a><br><\/li>\n\n\n\n<li><a href=\"http:\/\/www.odiariodemogi.com.br\/\" target=\"_blank\" rel=\"noreferrer noopener\">Jornal O Di\u00e1rio<\/a><br><\/li>\n\n\n\n<li><a href=\"https:\/\/globoads.globo.com\/\" target=\"_blank\" rel=\"noreferrer noopener\">Globo Ads<\/a><br><\/li>\n<\/ul>\n","protected":false},"excerpt":{"rendered":"","protected":false},"author":1,"featured_media":0,"parent":0,"menu_order":0,"comment_status":"closed","ping_status":"closed","template":"template-fullwidth.php","meta":{"footnotes":""},"class_list":["post-1518","page","type-page","status-publish","hentry"],"_links":{"self":[{"href":"https:\/\/tvdiario.com.br\/comercial\/wp-json\/wp\/v2\/pages\/1518","targetHints":{"allow":["GET"]}}],"collection":[{"href":"https:\/\/tvdiario.com.br\/comercial\/wp-json\/wp\/v2\/pages"}],"about":[{"href":"https:\/\/tvdiario.com.br\/comercial\/wp-json\/wp\/v2\/types\/page"}],"author":[{"embeddable":true,"href":"https:\/\/tvdiario.com.br\/comercial\/wp-json\/wp\/v2\/users\/1"}],"replies":[{"embeddable":true,"href":"https:\/\/tvdiario.com.br\/comercial\/wp-json\/wp\/v2\/comments?post=1518"}],"version-history":[{"count":2,"href":"https:\/\/tvdiario.com.br\/comercial\/wp-json\/wp\/v2\/pages\/1518\/revisions"}],"predecessor-version":[{"id":1562,"href":"https:\/\/tvdiario.com.br\/comercial\/wp-json\/wp\/v2\/pages\/1518\/revisions\/1562"}],"wp:attachment":[{"href":"https:\/\/tvdiario.com.br\/comercial\/wp-json\/wp\/v2\/media?parent=1518"}],"curies":[{"name":"wp","href":"https:\/\/api.w.org\/{rel}","templated":true}]}}