{"id":1520,"date":"2025-07-16T07:18:21","date_gmt":"2025-07-16T10:18:21","guid":{"rendered":"https:\/\/tvdiario.com.br\/comercial\/?page_id=1520"},"modified":"2026-03-10T14:33:33","modified_gmt":"2026-03-10T17:33:33","slug":"quem-e-quem","status":"publish","type":"page","link":"https:\/\/tvdiario.com.br\/comercial\/quem-e-quem\/","title":{"rendered":"Quem \u00e9 quem"},"content":{"rendered":"\n<h2 class=\"wp-block-heading has-medium-font-size\"><\/h2>\n\n\n\n<p class=\"has-medium-font-size\"><strong>JORNALISMO<\/strong><\/p>\n\n\n\n<figure class=\"wp-block-table\"><table class=\"has-fixed-layout\"><tbody><tr><td><strong>Reda\u00e7\u00e3o<\/strong><\/td><td><strong>E-mail<\/strong><\/td><td><strong>Contato<\/strong><\/td><\/tr><tr><td>Den\u00fancias<br>Sugest\u00f5es de Pauta<br><\/td><td><a href=\"mailto:jornalismo@tvdiario.com\">jornalismo@tvdiario.com<\/a><\/td><td>(11) 3524-2380<\/td><\/tr><tr><td>Whatsapp<\/td><td><\/td><td><a href=\"https:\/\/api.whatsapp.com\/send\/?phone=551135242333\">(11) 3524-2333<\/a><\/td><\/tr><\/tbody><\/table><\/figure>\n\n\n\n<h5 class=\"wp-block-heading has-medium-font-size\"><strong>COMERCIAL<\/strong><\/h5>\n\n\n\n<figure class=\"wp-block-table\"><table class=\"has-fixed-layout\"><tbody><tr><td><strong>Nome<\/strong><\/td><td><strong>Cargo<\/strong><\/td><td><strong>Contato<\/strong><\/td><\/tr><tr><td>Lysia Henriques<\/td><td>Gerente Comercial<\/td><td><a href=\"https:\/\/api.whatsapp.com\/send\/?phone=5511993909104\">(11) 99390-9104<\/a><\/td><\/tr><\/tbody><\/table><\/figure>\n\n\n\n<p class=\"has-medium-font-size\"><strong>EXECUTIVOS DE ATENDIMENTO COMERCIAL<\/strong><\/p>\n\n\n\n<figure class=\"wp-block-table\"><table class=\"has-fixed-layout\"><tbody><tr><td><strong>Nome<\/strong><\/td><td><strong>Cargo<\/strong><\/td><td><strong>Contato<\/strong><\/td><\/tr><tr><td>Cassio Sanches<br><a href=\"mailto:franceli@tvdiario.com\">cassio.sanches@tvdiario.com<\/a><\/td><td>Executivo de Atendimento Comercial Mogi das Cruzes, Guararema, Sales\u00f3polis, Biritiba Mirim, Suzano, Ferraz de Vasconcelos, Itaquaquecetuba , Po\u00e1 e Santa Isabel<\/td><td><a href=\"https:\/\/api.whatsapp.com\/send\/?phone=5511993746228\">(11) 99374-6228<\/a><\/td><\/tr><tr><td>J\u00falia Pivott<br><a href=\"mailto:julia.pivott@tvdiario.com\">julia.pivott@tvdiario.com<\/a><\/td><td>Executiva de Atendimento Comercial Mogi das Cruzes<\/td><td><a href=\"https:\/\/api.whatsapp.com\/send\/?phone=5511994250408\">(11) 99425-0408&nbsp;<\/a><\/td><\/tr><tr><td>Silvana Mitterhoffer<br><a href=\"mailto:silvana@tvdiario.com\">silvana@tvdiario.com<\/a><\/td><td>Executiva de Atendimento Comercial Mogi das Cruzes, Aruj\u00e1 <\/td><td><a href=\"https:\/\/api.whatsapp.com\/send\/?phone=5511994002289\">(11) 99400-2289<\/a><\/td><\/tr><\/tbody><\/table><\/figure>\n\n\n\n<p><strong>MARKETING<\/strong><\/p>\n\n\n\n<figure class=\"wp-block-table\"><table class=\"has-fixed-layout\"><tbody><tr><td><strong>Nome<\/strong><\/td><td><strong>Cargo<\/strong><\/td><td><strong>Contato<\/strong><\/td><\/tr><tr><td>Henrique Carvalho<br><a href=\"mailto:elaine.simao@tvdiario.com\">henrique.carvalho@tvdiario.com<\/a>&nbsp;<\/td><td>Coordenador de Marketing&nbsp;&nbsp;<\/td><td><a href=\"https:\/\/api.whatsapp.com\/send\/?phone=5511970674451\">(11) 97067-4451<\/a><\/td><\/tr><tr><td>Giancarlo Cipolla<\/td><td>Analista de Marketing Comercial<\/td><td>gian@tvdiario.com<\/td><\/tr><tr><td>Kleber Oliveira<\/td><td>Analista de Marketing Comercial<\/td><td>kleber@tvdiario.com<\/td><\/tr><\/tbody><\/table><\/figure>\n\n\n\n<p><strong>OPEC<\/strong><\/p>\n\n\n\n<figure class=\"wp-block-table\"><table class=\"has-fixed-layout\"><tbody><tr><td><strong>Nome<\/strong><\/td><td><strong>Cargo<\/strong><\/td><td><strong>Contato<\/strong><\/td><\/tr><tr><td>Eduardo Contente<br><a href=\"mailto:eduardo@tvdiario.com\">eduardo@tvdiario.com<\/a><\/td><td>Coordenador de OPEC<\/td><td><a href=\"https:\/\/api.whatsapp.com\/send\/?phone=5511994384757\">(11) 99438-4757<\/a><\/td><\/tr><tr><td>Fernanda Vergueiro<\/td><td>Assistente de OPEC<\/td><td>opec@tvdiario.com<\/td><\/tr><tr><td>Priscila Maria<\/td><td>Auxiliar de OPEC<\/td><td>opec@tvdiario.com<\/td><\/tr><\/tbody><\/table><\/figure>\n\n\n\n<p><\/p>\n","protected":false},"excerpt":{"rendered":"<p>JORNALISMO Reda\u00e7\u00e3o E-mail Contato Den\u00fanciasSugest\u00f5es de Pauta jornalismo@tvdiario.com (11) 3524-2380 Whatsapp (11) 3524-2333 COMERCIAL Nome Cargo Contato Lysia Henriques Gerente Comercial (11) 99390-9104 EXECUTIVOS DE ATENDIMENTO COMERCIAL Nome Cargo Contato &#8230;<\/p>\n","protected":false},"author":1,"featured_media":0,"parent":0,"menu_order":0,"comment_status":"closed","ping_status":"closed","template":"template-fullwidth.php","meta":{"footnotes":""},"class_list":["post-1520","page","type-page","status-publish","hentry"],"_links":{"self":[{"href":"https:\/\/tvdiario.com.br\/comercial\/wp-json\/wp\/v2\/pages\/1520","targetHints":{"allow":["GET"]}}],"collection":[{"href":"https:\/\/tvdiario.com.br\/comercial\/wp-json\/wp\/v2\/pages"}],"about":[{"href":"https:\/\/tvdiario.com.br\/comercial\/wp-json\/wp\/v2\/types\/page"}],"author":[{"embeddable":true,"href":"https:\/\/tvdiario.com.br\/comercial\/wp-json\/wp\/v2\/users\/1"}],"replies":[{"embeddable":true,"href":"https:\/\/tvdiario.com.br\/comercial\/wp-json\/wp\/v2\/comments?post=1520"}],"version-history":[{"count":18,"href":"https:\/\/tvdiario.com.br\/comercial\/wp-json\/wp\/v2\/pages\/1520\/revisions"}],"predecessor-version":[{"id":1965,"href":"https:\/\/tvdiario.com.br\/comercial\/wp-json\/wp\/v2\/pages\/1520\/revisions\/1965"}],"wp:attachment":[{"href":"https:\/\/tvdiario.com.br\/comercial\/wp-json\/wp\/v2\/media?parent=1520"}],"curies":[{"name":"wp","href":"https:\/\/api.w.org\/{rel}","templated":true}]}}